{"id":6423,"date":"2024-11-18T09:27:29","date_gmt":"2024-11-18T09:27:29","guid":{"rendered":"https:\/\/paisajessonoros.redr.es\/?page_id=6423"},"modified":"2024-11-18T10:06:10","modified_gmt":"2024-11-18T10:06:10","slug":"revista","status":"publish","type":"page","link":"https:\/\/paisajessonoros.redr.es\/index.php\/revista\/","title":{"rendered":"Revista"},"content":{"rendered":"\t\t<div data-elementor-type=\"wp-page\" data-elementor-id=\"6423\" class=\"elementor elementor-6423\">\n\t\t\t\t<div class=\"elementor-element elementor-element-3a4573e e-flex e-con-boxed e-con e-parent\" data-id=\"3a4573e\" data-element_type=\"container\">\n\t\t\t\t\t<div class=\"e-con-inner\">\n\t\t\t\t<div class=\"elementor-element elementor-element-e975fe0 elementor-widget elementor-widget-text-editor\" data-id=\"e975fe0\" data-element_type=\"widget\" data-widget_type=\"text-editor.default\">\n\t\t\t\t<div class=\"elementor-widget-container\">\n\t\t\t\t\t\t\t<p>Desde la Red Espa\u00f1ola de Desarrollo Rural (REDR), hemos lanzado una publicaci\u00f3n que recopila las rutas destacadas en los episodios de nuestro podcast <em>Paisajes Sonoros<\/em>. Este recurso ofrece itinerarios dise\u00f1ados para explorar durante dos d\u00edas distintos destinos repartidos por todo el territorio espa\u00f1ol.<\/p><p>La publicaci\u00f3n incluye <strong>15 itinerarios \u00fanicos<\/strong>, que coinciden con los destinos que han formado parte del proyecto <em>Paisajes Sonoros<\/em>. Cada ruta est\u00e1 cuidadosamente dise\u00f1ada para destacar la riqueza cultural, natural y patrimonial de nuestras \u00e1reas rurales, invitando a los lectores a adentrarse en el coraz\u00f3n de estos paisajes.<\/p><p>Ahora disponible tanto en espa\u00f1ol como en ingl\u00e9s, esta publicaci\u00f3n complementa el podcast, permitiendo a los oyentes y lectores vivir una experiencia inmersiva y descubrir los rincones m\u00e1s aut\u00e9nticos de Espa\u00f1a.<\/p>\t\t\t\t\t\t<\/div>\n\t\t\t\t<\/div>\n\t\t\t\t\t<\/div>\n\t\t\t\t<\/div>\n\t\t<div class=\"elementor-element elementor-element-f60c542 e-grid e-con-full e-con e-parent\" data-id=\"f60c542\" data-element_type=\"container\">\n\t\t\t\t<div class=\"elementor-element elementor-element-96eefcf elementor-widget elementor-widget-image\" data-id=\"96eefcf\" data-element_type=\"widget\" data-widget_type=\"image.default\">\n\t\t\t\t<div class=\"elementor-widget-container\">\n\t\t\t\t\t\t\t\t\t\t\t\t\t\t<a href=\"https:\/\/paisajessonoros.redr.es\/wp-content\/uploads\/2024\/11\/5.png\" data-elementor-open-lightbox=\"yes\" data-elementor-lightbox-title=\"5\" data-e-action-hash=\"#elementor-action%3Aaction%3Dlightbox%26settings%3DeyJpZCI6NjQyNiwidXJsIjoiaHR0cHM6XC9cL3BhaXNhamVzc29ub3Jvcy5yZWRyLmVzXC93cC1jb250ZW50XC91cGxvYWRzXC8yMDI0XC8xMVwvNS5wbmcifQ%3D%3D\">\n\t\t\t\t\t\t\t<img fetchpriority=\"high\" decoding=\"async\" width=\"768\" height=\"822\" src=\"https:\/\/paisajessonoros.redr.es\/wp-content\/uploads\/2024\/11\/5.png\" class=\"attachment-medium_large size-medium_large wp-image-6426\" alt=\"\" \/>\t\t\t\t\t\t\t\t<\/a>\n\t\t\t\t\t\t\t\t\t\t\t\t\t<\/div>\n\t\t\t\t<\/div>\n\t\t\t\t<div class=\"elementor-element elementor-element-03cb5cd elementor-widget elementor-widget-image\" data-id=\"03cb5cd\" data-element_type=\"widget\" data-widget_type=\"image.default\">\n\t\t\t\t<div class=\"elementor-widget-container\">\n\t\t\t\t\t\t\t\t\t\t\t\t\t<img decoding=\"async\" width=\"956\" height=\"1024\" src=\"https:\/\/paisajessonoros.redr.es\/wp-content\/uploads\/2024\/11\/6.png\" class=\"attachment-large size-large wp-image-6427\" alt=\"\" \/>\t\t\t\t\t\t\t\t\t\t\t\t\t<\/div>\n\t\t\t\t<\/div>\n\t\t\t\t<div class=\"elementor-element elementor-element-02bc576 elementor-button-info elementor-align-center elementor-widget elementor-widget-button\" data-id=\"02bc576\" data-element_type=\"widget\" data-widget_type=\"button.default\">\n\t\t\t\t<div class=\"elementor-widget-container\">\n\t\t\t\t\t<div class=\"elementor-button-wrapper\">\n\t\t\t<a class=\"elementor-button elementor-button-link elementor-size-sm\" href=\"https:\/\/paisajessonoros.redr.es\/wp-content\/uploads\/2024\/10\/Actualizado_Rutas-Paisajes-Sonoros.pdf\">\n\t\t\t\t\t\t<span class=\"elementor-button-content-wrapper\">\n\t\t\t\t\t\t\t\t\t<span class=\"elementor-button-text\">Descargar (ES)<\/span>\n\t\t\t\t\t<\/span>\n\t\t\t\t\t<\/a>\n\t\t<\/div>\n\t\t\t\t<\/div>\n\t\t\t\t<\/div>\n\t\t\t\t<div class=\"elementor-element elementor-element-cbf026d elementor-align-center elementor-widget elementor-widget-button\" data-id=\"cbf026d\" data-element_type=\"widget\" data-widget_type=\"button.default\">\n\t\t\t\t<div class=\"elementor-widget-container\">\n\t\t\t\t\t<div class=\"elementor-button-wrapper\">\n\t\t\t<a class=\"elementor-button elementor-button-link elementor-size-sm\" href=\"https:\/\/paisajessonoros.redr.es\/wp-content\/uploads\/2024\/11\/routes-paisajes-sonoros-2.pdf\">\n\t\t\t\t\t\t<span class=\"elementor-button-content-wrapper\">\n\t\t\t\t\t\t\t\t\t<span class=\"elementor-button-text\">Download English version<\/span>\n\t\t\t\t\t<\/span>\n\t\t\t\t\t<\/a>\n\t\t<\/div>\n\t\t\t\t<\/div>\n\t\t\t\t<\/div>\n\t\t\t\t<\/div>\n\t\t\t\t<\/div>\n\t\t","protected":false},"excerpt":{"rendered":"<p>Desde la Red Espa\u00f1ola de Desarrollo Rural (REDR), hemos lanzado una publicaci\u00f3n que recopila las rutas destacadas en los episodios de nuestro podcast Paisajes Sonoros. Este recurso ofrece itinerarios dise\u00f1ados para explorar durante dos d\u00edas distintos destinos repartidos por todo el territorio espa\u00f1ol. La publicaci\u00f3n incluye 15 itinerarios \u00fanicos, que coinciden con los destinos que [&hellip;]<\/p>\n","protected":false},"author":1,"featured_media":0,"parent":0,"menu_order":0,"comment_status":"closed","ping_status":"closed","template":"","meta":{"_monsterinsights_skip_tracking":false,"_monsterinsights_sitenote_active":false,"_monsterinsights_sitenote_note":"","_monsterinsights_sitenote_category":0,"footnotes":""},"class_list":["post-6423","page","type-page","status-publish","hentry"],"_links":{"self":[{"href":"https:\/\/paisajessonoros.redr.es\/index.php\/wp-json\/wp\/v2\/pages\/6423","targetHints":{"allow":["GET"]}}],"collection":[{"href":"https:\/\/paisajessonoros.redr.es\/index.php\/wp-json\/wp\/v2\/pages"}],"about":[{"href":"https:\/\/paisajessonoros.redr.es\/index.php\/wp-json\/wp\/v2\/types\/page"}],"author":[{"embeddable":true,"href":"https:\/\/paisajessonoros.redr.es\/index.php\/wp-json\/wp\/v2\/users\/1"}],"replies":[{"embeddable":true,"href":"https:\/\/paisajessonoros.redr.es\/index.php\/wp-json\/wp\/v2\/comments?post=6423"}],"version-history":[{"count":7,"href":"https:\/\/paisajessonoros.redr.es\/index.php\/wp-json\/wp\/v2\/pages\/6423\/revisions"}],"predecessor-version":[{"id":6436,"href":"https:\/\/paisajessonoros.redr.es\/index.php\/wp-json\/wp\/v2\/pages\/6423\/revisions\/6436"}],"wp:attachment":[{"href":"https:\/\/paisajessonoros.redr.es\/index.php\/wp-json\/wp\/v2\/media?parent=6423"}],"curies":[{"name":"wp","href":"https:\/\/api.w.org\/{rel}","templated":true}]}}